{"id":9018,"date":"2023-10-23T17:32:24","date_gmt":"2023-10-23T15:32:24","guid":{"rendered":"https:\/\/www.coolman.fr\/?post_type=product&#038;p=9018"},"modified":"2026-03-28T19:21:29","modified_gmt":"2026-03-28T18:21:29","slug":"zip-technique-laine-merinos-unisexe-interlock-200","status":"publish","type":"product","link":"https:\/\/www.coolman.fr\/en\/boutique\/zip-technique-laine-merinos-unisexe-interlock-200\/","title":{"rendered":"Zip technique laine m\u00e9rinos unisexe interlock 200"},"content":{"rendered":"<div class=\"wpb-content-wrapper\"><p>Merci [vc_row][vc_column css=&#8221;.vc_custom_1493038156710{margin-bottom: -15px !important;}&#8221;]\n\t\t<div id=\"wd-69eaed47d8d05\" class=\"title-wrapper wd-wpb wd-set-mb reset-last-child  wd-title-color-default wd-title-style-default text-left  wd-underline-colored\">\n\t\t\t\n\t\t\t<div class=\"liner-continer\">\n\t\t\t\t<h4 class=\"woodmart-title-container title  wd-font-weight- wd-fontsize-m\" >La laine m\u00e9rinos : une fibre technique qui se porte Et\u00e9 comme Hiver<\/h4>\n\t\t\t\t\t\t\t<\/div>\n\t\t\t\n\t\t\t\n\t\t\t\n\t\t<\/div>\n\t\t\n\t\t[\/vc_column][\/vc_row][vc_row content_placement=&#8221;top&#8221;][vc_column offset=&#8221;vc_col-md-6&#8243;][vc_column_text text_larger=&#8221;no&#8221;]La laine m\u00e9rinos est une alternative 100% naturelle qui ne n\u00e9cessite aucun traitement chimique. C&#8217;est une laine qui n&#8217;a que le nom pour se comparer \u00e0 une laine traditionnelle, la fibre de la laine m\u00e9rinos est thermor\u00e9gulante, douce et respirante.<\/p>\n<blockquote><p>C&#8217;est un climatiseur naturel<\/p><\/blockquote>\n<p>V\u00e9ritable r\u00e9gulateur entre le corps et l&#8217;ext\u00e9rieur, la laine m\u00e9rinos technique maintient une temp\u00e9rature corporelle stable car elle isole l&#8217;organisme des temp\u00e9ratures extr\u00eames. Nos v\u00eatements en laine m\u00e9rinos se portent aussi bien l&#8217;\u00e9t\u00e9 que l&#8217;hiver.<\/p>\n<p>Gr\u00e2ce aux alv\u00e9oles d&#8217;air qu&#8217;elle emprisonne elle a un grand pouvoir isolant tout en finesse. Fibre naturelle, elle respire et m\u00eame par des temp\u00e9ratures \u00e9lev\u00e9es ou lors d&#8217;efforts importants, le corps transpire peu avec le m\u00e9rinos. Le m\u00e9rinos capte l&#8217;humidit\u00e9 et la transf\u00e8re vers l&#8217;ext\u00e9rieur tout en maintenant le corps \u00e0 sa bonne temp\u00e9rature m\u00eame mouill\u00e9.<\/p>\n<blockquote><p>Chez Coolman, nous sommes fiers de vous proposer des v\u00eatements enti\u00e8rement fabriqu\u00e9s en France, avec la meilleure qualit\u00e9 de laine m\u00e9rinos.<\/p><\/blockquote>\n<p>L&#8217;ensemble de la production de nos v\u00eatements est r\u00e9alis\u00e9e dans plusieurs ateliers en France, du tricotage \u00e0 la confection.[\/vc_column_text][\/vc_column][vc_column offset=&#8221;vc_col-md-6&#8243;][vc_single_image image=&#8221;3107&#8243; img_size=&#8221;1200&#215;600&#8243; parallax_scroll=&#8221;no&#8221;][\/vc_column][\/vc_row]<\/p>\n<\/div>","protected":false},"excerpt":{"rendered":"<p><span style=\"vertical-align: inherit;\"><span style=\"vertical-align: inherit;\">Le Zip technique 200 est un t-shirt manche longue Unisexe <\/span><\/span><strong><span style=\"vertical-align: inherit;\"><span style=\"vertical-align: inherit;\">100% pure laine m\u00e9rinos<\/span><\/span><\/strong><span style=\"vertical-align: inherit;\"><span style=\"vertical-align: inherit;\"> avec une fermeture zipp\u00e9e discr\u00e8te du col au torse et aux finitions soign\u00e9es. La fermeture zipp\u00e9e est recouverte de l&#8217;int\u00e9rieur pour un jolie effet quand le zip est ouvert.<\/span><\/span><\/p>\n<p>Le tricotage en interlock est une maille lisse, souple et fluide qui apporte une touche d&#8217;\u00e9l\u00e9gance.<\/p>\n<p><span style=\"vertical-align: inherit;\"><span style=\"vertical-align: inherit;\">Les manches raglan conviennent \u00e0 toutes les \u00e9paules et lui conf\u00e8rent un style r\u00e9solument sport.<\/span><\/span><\/p>\n<p>Parfait pour tous les jours ou pour pratiquer votre sport favori, il vous laisse libre de vos mouvements.<\/p>\n<p>Nous\u00a0utilisons la laine SUPERFINE qui est la plus douce existante sur le march\u00e9.<\/p>\n<ul data-wp-editing=\"1\">\n<li><span style=\"vertical-align: inherit;\"><span style=\"vertical-align: inherit;\">Laine <\/span><\/span><strong><span style=\"vertical-align: inherit;\"><span style=\"vertical-align: inherit;\">ultra douce, fine et l\u00e9g\u00e8re<\/span><\/span><\/strong><span style=\"vertical-align: inherit;\"><span style=\"vertical-align: inherit;\"> qui ne gratte pas et ne bouloche pas<\/span><\/span><\/li>\n<li><span style=\"vertical-align: inherit;\"><span style=\"vertical-align: inherit;\">Fibre <\/span><\/span><strong><span style=\"vertical-align: inherit;\"><span style=\"vertical-align: inherit;\">thermor\u00e9gulante et respirante\u00a0<\/span><\/span><\/strong><span style=\"vertical-align: inherit;\"><span style=\"vertical-align: inherit;\"> \u00e0 porter Et\u00e9 comme Hiver<\/span><\/span><\/li>\n<li><strong><span style=\"vertical-align: inherit;\"><span style=\"vertical-align: inherit;\">Limite les odeurs<\/span><\/span><\/strong><span style=\"vertical-align: inherit;\"><span style=\"vertical-align: inherit;\"> : sans traitement chimique, la laine m\u00e9rinos est naturellement saine et antibact\u00e9rienne<\/span><\/span><\/li>\n<li><strong><span style=\"vertical-align: inherit;\"><span style=\"vertical-align: inherit;\">Antistatique<\/span><\/span><\/strong><\/li>\n<li><span style=\"vertical-align: inherit;\"><span style=\"vertical-align: inherit;\">Lavable en machine \u00e0 30\u00b0 programme Laine ou \u00e0 Froid, essorage doux 400-500 tours maximum.<\/span><\/span><\/li>\n<\/ul>\n<p><strong>Composition : 100% LAINE MERINOS.\u00a0<\/strong><\/p>\n<p><span style=\"vertical-align: inherit;\">Le grammage : 200g\/m2.<\/span><\/p>\n<p><span style=\"vertical-align: inherit;\"><span style=\"vertical-align: inherit;\">Enti\u00e8rement fabriqu\u00e9 en France.<\/span><\/span><\/p>\n<p><span style=\"vertical-align: inherit;\"><span style=\"vertical-align: inherit;\">Conseil de taille : Pour ce mod\u00e8le Unisexe, nous conseillons aux femmes de choisir une taille en dessous de leur taille habituelle et aux hommes de choisir leur taille habituelle.<\/span><\/span><\/p>\n","protected":false},"featured_media":10169,"comment_status":"open","ping_status":"closed","template":"","meta":[],"product_brand":[],"product_cat":[79,218,221,80,127,217,222],"product_tag":[],"class_list":{"0":"post-9018","1":"product","2":"type-product","3":"status-publish","4":"has-post-thumbnail","6":"product_cat-femme","7":"product_cat-manches-longues-femme","8":"product_cat-manches-longues-homme","9":"product_cat-homme","10":"product_cat-nouveautes","11":"product_cat-sous-couche-femme","12":"product_cat-sous-couche-homme","14":"first","15":"instock","16":"taxable","17":"shipping-taxable","18":"purchasable","19":"product-type-variable","20":"has-default-attributes"},"yoast_head":"<!-- This site is optimized with the Yoast SEO plugin v27.4 - https:\/\/yoast.com\/product\/yoast-seo-wordpress\/ -->\n<title>Zip laine m\u00e9rinos 200 unisexe | COOLMAN\u00ae | Fabriqu\u00e9 en France<\/title>\n<meta name=\"description\" content=\"Le ZIP laine m\u00e9rinos 200 est un v\u00eatement pure laine m\u00e9rinos fabriqu\u00e9 en France. Mod\u00e8le unisexe existant en Plusieurs coloris\" \/>\n<meta name=\"robots\" content=\"index, follow, max-snippet:-1, max-image-preview:large, max-video-preview:-1\" \/>\n<link rel=\"canonical\" href=\"https:\/\/www.coolman.fr\/en\/boutique\/zip-technique-laine-merinos-unisexe-interlock-200\/\" \/>\n<meta property=\"og:locale\" content=\"en_US\" \/>\n<meta property=\"og:type\" content=\"article\" \/>\n<meta property=\"og:title\" content=\"Zip laine m\u00e9rinos 200 unisexe | COOLMAN\u00ae | Fabriqu\u00e9 en France\" \/>\n<meta property=\"og:description\" content=\"Le ZIP laine m\u00e9rinos 200 est un v\u00eatement pure laine m\u00e9rinos fabriqu\u00e9 en France. Mod\u00e8le unisexe existant en Plusieurs coloris\" \/>\n<meta property=\"og:url\" content=\"https:\/\/www.coolman.fr\/en\/boutique\/zip-technique-laine-merinos-unisexe-interlock-200\/\" \/>\n<meta property=\"og:site_name\" content=\"COOLMAN\" \/>\n<meta property=\"article:publisher\" content=\"https:\/\/www.facebook.com\/coolmanmerinos\" \/>\n<meta property=\"article:modified_time\" content=\"2026-03-28T18:21:29+00:00\" \/>\n<meta property=\"og:image\" content=\"https:\/\/www.coolman.fr\/wp-content\/uploads\/2024\/11\/coolman-merinos-zip-unisexe-vert-mineral.png\" \/>\n\t<meta property=\"og:image:width\" content=\"768\" \/>\n\t<meta property=\"og:image:height\" content=\"1024\" \/>\n\t<meta property=\"og:image:type\" content=\"image\/png\" \/>\n<meta name=\"twitter:card\" content=\"summary_large_image\" \/>\n<meta name=\"twitter:label1\" content=\"Est. reading time\" \/>\n\t<meta name=\"twitter:data1\" content=\"2 minutes\" \/>\n<script type=\"application\/ld+json\" class=\"yoast-schema-graph\">{\"@context\":\"https:\\\/\\\/schema.org\",\"@graph\":[{\"@type\":\"WebPage\",\"@id\":\"https:\\\/\\\/www.coolman.fr\\\/en\\\/boutique\\\/zip-technique-laine-merinos-unisexe-interlock-200\\\/\",\"url\":\"https:\\\/\\\/www.coolman.fr\\\/en\\\/boutique\\\/zip-technique-laine-merinos-unisexe-interlock-200\\\/\",\"name\":\"Zip laine m\u00e9rinos 200 unisexe | COOLMAN\u00ae | Fabriqu\u00e9 en France\",\"isPartOf\":{\"@id\":\"https:\\\/\\\/www.coolman.fr\\\/en\\\/#website\"},\"primaryImageOfPage\":{\"@id\":\"https:\\\/\\\/www.coolman.fr\\\/en\\\/boutique\\\/zip-technique-laine-merinos-unisexe-interlock-200\\\/#primaryimage\"},\"image\":{\"@id\":\"https:\\\/\\\/www.coolman.fr\\\/en\\\/boutique\\\/zip-technique-laine-merinos-unisexe-interlock-200\\\/#primaryimage\"},\"thumbnailUrl\":\"https:\\\/\\\/www.coolman.fr\\\/wp-content\\\/uploads\\\/2024\\\/11\\\/coolman-merinos-zip-unisexe-vert-mineral.png\",\"datePublished\":\"2023-10-23T15:32:24+00:00\",\"dateModified\":\"2026-03-28T18:21:29+00:00\",\"description\":\"Le ZIP laine m\u00e9rinos 200 est un v\u00eatement pure laine m\u00e9rinos fabriqu\u00e9 en France. Mod\u00e8le unisexe existant en Plusieurs coloris\",\"breadcrumb\":{\"@id\":\"https:\\\/\\\/www.coolman.fr\\\/en\\\/boutique\\\/zip-technique-laine-merinos-unisexe-interlock-200\\\/#breadcrumb\"},\"inLanguage\":\"en-US\",\"potentialAction\":[{\"@type\":\"ReadAction\",\"target\":[\"https:\\\/\\\/www.coolman.fr\\\/en\\\/boutique\\\/zip-technique-laine-merinos-unisexe-interlock-200\\\/\"]}]},{\"@type\":\"ImageObject\",\"inLanguage\":\"en-US\",\"@id\":\"https:\\\/\\\/www.coolman.fr\\\/en\\\/boutique\\\/zip-technique-laine-merinos-unisexe-interlock-200\\\/#primaryimage\",\"url\":\"https:\\\/\\\/www.coolman.fr\\\/wp-content\\\/uploads\\\/2024\\\/11\\\/coolman-merinos-zip-unisexe-vert-mineral.png\",\"contentUrl\":\"https:\\\/\\\/www.coolman.fr\\\/wp-content\\\/uploads\\\/2024\\\/11\\\/coolman-merinos-zip-unisexe-vert-mineral.png\",\"width\":768,\"height\":1024},{\"@type\":\"BreadcrumbList\",\"@id\":\"https:\\\/\\\/www.coolman.fr\\\/en\\\/boutique\\\/zip-technique-laine-merinos-unisexe-interlock-200\\\/#breadcrumb\",\"itemListElement\":[{\"@type\":\"ListItem\",\"position\":1,\"name\":\"Accueil\",\"item\":\"https:\\\/\\\/www.coolman.fr\\\/en\\\/\"},{\"@type\":\"ListItem\",\"position\":2,\"name\":\"Shop\",\"item\":\"https:\\\/\\\/www.coolman.fr\\\/en\\\/shop\\\/\"},{\"@type\":\"ListItem\",\"position\":3,\"name\":\"Zip technique laine m\u00e9rinos unisexe interlock 200\"}]},{\"@type\":\"WebSite\",\"@id\":\"https:\\\/\\\/www.coolman.fr\\\/en\\\/#website\",\"url\":\"https:\\\/\\\/www.coolman.fr\\\/en\\\/\",\"name\":\"COOLMAN\",\"description\":\"V\u00caTEMENTS PURE LAINE MERINOS\",\"publisher\":{\"@id\":\"https:\\\/\\\/www.coolman.fr\\\/en\\\/#organization\"},\"potentialAction\":[{\"@type\":\"SearchAction\",\"target\":{\"@type\":\"EntryPoint\",\"urlTemplate\":\"https:\\\/\\\/www.coolman.fr\\\/en\\\/?s={search_term_string}\"},\"query-input\":{\"@type\":\"PropertyValueSpecification\",\"valueRequired\":true,\"valueName\":\"search_term_string\"}}],\"inLanguage\":\"en-US\"},{\"@type\":\"Organization\",\"@id\":\"https:\\\/\\\/www.coolman.fr\\\/en\\\/#organization\",\"name\":\"COOLMAN\",\"url\":\"https:\\\/\\\/www.coolman.fr\\\/en\\\/\",\"logo\":{\"@type\":\"ImageObject\",\"inLanguage\":\"en-US\",\"@id\":\"https:\\\/\\\/www.coolman.fr\\\/en\\\/#\\\/schema\\\/logo\\\/image\\\/\",\"url\":\"https:\\\/\\\/www.coolman.fr\\\/wp-content\\\/uploads\\\/2020\\\/09\\\/favicon-coolman.png\",\"contentUrl\":\"https:\\\/\\\/www.coolman.fr\\\/wp-content\\\/uploads\\\/2020\\\/09\\\/favicon-coolman.png\",\"width\":500,\"height\":500,\"caption\":\"COOLMAN\"},\"image\":{\"@id\":\"https:\\\/\\\/www.coolman.fr\\\/en\\\/#\\\/schema\\\/logo\\\/image\\\/\"},\"sameAs\":[\"https:\\\/\\\/www.facebook.com\\\/coolmanmerinos\",\"https:\\\/\\\/instagram.com\\\/coolmanmerinos\"]}]}<\/script>\n<!-- \/ Yoast SEO plugin. -->","yoast_head_json":{"title":"Zip laine m\u00e9rinos 200 unisexe | COOLMAN\u00ae | Fabriqu\u00e9 en France","description":"Le ZIP laine m\u00e9rinos 200 est un v\u00eatement pure laine m\u00e9rinos fabriqu\u00e9 en France. Mod\u00e8le unisexe existant en Plusieurs coloris","robots":{"index":"index","follow":"follow","max-snippet":"max-snippet:-1","max-image-preview":"max-image-preview:large","max-video-preview":"max-video-preview:-1"},"canonical":"https:\/\/www.coolman.fr\/en\/boutique\/zip-technique-laine-merinos-unisexe-interlock-200\/","og_locale":"en_US","og_type":"article","og_title":"Zip laine m\u00e9rinos 200 unisexe | COOLMAN\u00ae | Fabriqu\u00e9 en France","og_description":"Le ZIP laine m\u00e9rinos 200 est un v\u00eatement pure laine m\u00e9rinos fabriqu\u00e9 en France. Mod\u00e8le unisexe existant en Plusieurs coloris","og_url":"https:\/\/www.coolman.fr\/en\/boutique\/zip-technique-laine-merinos-unisexe-interlock-200\/","og_site_name":"COOLMAN","article_publisher":"https:\/\/www.facebook.com\/coolmanmerinos","article_modified_time":"2026-03-28T18:21:29+00:00","og_image":[{"width":768,"height":1024,"url":"https:\/\/www.coolman.fr\/wp-content\/uploads\/2024\/11\/coolman-merinos-zip-unisexe-vert-mineral.png","type":"image\/png"}],"twitter_card":"summary_large_image","twitter_misc":{"Est. reading time":"2 minutes"},"schema":{"@context":"https:\/\/schema.org","@graph":[{"@type":"WebPage","@id":"https:\/\/www.coolman.fr\/en\/boutique\/zip-technique-laine-merinos-unisexe-interlock-200\/","url":"https:\/\/www.coolman.fr\/en\/boutique\/zip-technique-laine-merinos-unisexe-interlock-200\/","name":"Zip laine m\u00e9rinos 200 unisexe | COOLMAN\u00ae | Fabriqu\u00e9 en France","isPartOf":{"@id":"https:\/\/www.coolman.fr\/en\/#website"},"primaryImageOfPage":{"@id":"https:\/\/www.coolman.fr\/en\/boutique\/zip-technique-laine-merinos-unisexe-interlock-200\/#primaryimage"},"image":{"@id":"https:\/\/www.coolman.fr\/en\/boutique\/zip-technique-laine-merinos-unisexe-interlock-200\/#primaryimage"},"thumbnailUrl":"https:\/\/www.coolman.fr\/wp-content\/uploads\/2024\/11\/coolman-merinos-zip-unisexe-vert-mineral.png","datePublished":"2023-10-23T15:32:24+00:00","dateModified":"2026-03-28T18:21:29+00:00","description":"Le ZIP laine m\u00e9rinos 200 est un v\u00eatement pure laine m\u00e9rinos fabriqu\u00e9 en France. Mod\u00e8le unisexe existant en Plusieurs coloris","breadcrumb":{"@id":"https:\/\/www.coolman.fr\/en\/boutique\/zip-technique-laine-merinos-unisexe-interlock-200\/#breadcrumb"},"inLanguage":"en-US","potentialAction":[{"@type":"ReadAction","target":["https:\/\/www.coolman.fr\/en\/boutique\/zip-technique-laine-merinos-unisexe-interlock-200\/"]}]},{"@type":"ImageObject","inLanguage":"en-US","@id":"https:\/\/www.coolman.fr\/en\/boutique\/zip-technique-laine-merinos-unisexe-interlock-200\/#primaryimage","url":"https:\/\/www.coolman.fr\/wp-content\/uploads\/2024\/11\/coolman-merinos-zip-unisexe-vert-mineral.png","contentUrl":"https:\/\/www.coolman.fr\/wp-content\/uploads\/2024\/11\/coolman-merinos-zip-unisexe-vert-mineral.png","width":768,"height":1024},{"@type":"BreadcrumbList","@id":"https:\/\/www.coolman.fr\/en\/boutique\/zip-technique-laine-merinos-unisexe-interlock-200\/#breadcrumb","itemListElement":[{"@type":"ListItem","position":1,"name":"Accueil","item":"https:\/\/www.coolman.fr\/en\/"},{"@type":"ListItem","position":2,"name":"Shop","item":"https:\/\/www.coolman.fr\/en\/shop\/"},{"@type":"ListItem","position":3,"name":"Zip technique laine m\u00e9rinos unisexe interlock 200"}]},{"@type":"WebSite","@id":"https:\/\/www.coolman.fr\/en\/#website","url":"https:\/\/www.coolman.fr\/en\/","name":"COOLMAN","description":"V\u00caTEMENTS PURE LAINE MERINOS","publisher":{"@id":"https:\/\/www.coolman.fr\/en\/#organization"},"potentialAction":[{"@type":"SearchAction","target":{"@type":"EntryPoint","urlTemplate":"https:\/\/www.coolman.fr\/en\/?s={search_term_string}"},"query-input":{"@type":"PropertyValueSpecification","valueRequired":true,"valueName":"search_term_string"}}],"inLanguage":"en-US"},{"@type":"Organization","@id":"https:\/\/www.coolman.fr\/en\/#organization","name":"COOLMAN","url":"https:\/\/www.coolman.fr\/en\/","logo":{"@type":"ImageObject","inLanguage":"en-US","@id":"https:\/\/www.coolman.fr\/en\/#\/schema\/logo\/image\/","url":"https:\/\/www.coolman.fr\/wp-content\/uploads\/2020\/09\/favicon-coolman.png","contentUrl":"https:\/\/www.coolman.fr\/wp-content\/uploads\/2020\/09\/favicon-coolman.png","width":500,"height":500,"caption":"COOLMAN"},"image":{"@id":"https:\/\/www.coolman.fr\/en\/#\/schema\/logo\/image\/"},"sameAs":["https:\/\/www.facebook.com\/coolmanmerinos","https:\/\/instagram.com\/coolmanmerinos"]}]}},"_links":{"self":[{"href":"https:\/\/www.coolman.fr\/en\/wp-json\/wp\/v2\/product\/9018","targetHints":{"allow":["GET"]}}],"collection":[{"href":"https:\/\/www.coolman.fr\/en\/wp-json\/wp\/v2\/product"}],"about":[{"href":"https:\/\/www.coolman.fr\/en\/wp-json\/wp\/v2\/types\/product"}],"replies":[{"embeddable":true,"href":"https:\/\/www.coolman.fr\/en\/wp-json\/wp\/v2\/comments?post=9018"}],"wp:featuredmedia":[{"embeddable":true,"href":"https:\/\/www.coolman.fr\/en\/wp-json\/wp\/v2\/media\/10169"}],"wp:attachment":[{"href":"https:\/\/www.coolman.fr\/en\/wp-json\/wp\/v2\/media?parent=9018"}],"wp:term":[{"taxonomy":"product_brand","embeddable":true,"href":"https:\/\/www.coolman.fr\/en\/wp-json\/wp\/v2\/product_brand?post=9018"},{"taxonomy":"product_cat","embeddable":true,"href":"https:\/\/www.coolman.fr\/en\/wp-json\/wp\/v2\/product_cat?post=9018"},{"taxonomy":"product_tag","embeddable":true,"href":"https:\/\/www.coolman.fr\/en\/wp-json\/wp\/v2\/product_tag?post=9018"}],"curies":[{"name":"wp","href":"https:\/\/api.w.org\/{rel}","templated":true}]}}