{"id":3337,"date":"2020-10-23T11:53:54","date_gmt":"2020-10-23T09:53:54","guid":{"rendered":"https:\/\/www.coolman.fr\/?post_type=product&#038;p=3337"},"modified":"2026-05-10T22:00:31","modified_gmt":"2026-05-10T20:00:31","slug":"collant-technique-legging-unisexe-laine-merinos-cotelee","status":"publish","type":"product","link":"https:\/\/www.coolman.fr\/en\/boutique\/collant-technique-legging-unisexe-laine-merinos-cotelee\/","title":{"rendered":"Collant technique legging unisexe laine m\u00e9rinos c\u00f4tel\u00e9e"},"content":{"rendered":"<div class=\"wpb-content-wrapper\"><p>[vc_row][vc_column css=&#8221;.vc_custom_1493038156710{margin-bottom: -15px !important;}&#8221;]\n\t\t<div id=\"wd-6a08ef4377063\" class=\"title-wrapper wd-wpb wd-set-mb reset-last-child  wd-title-color-default wd-title-style-default text-left  wd-underline-colored\">\n\t\t\t\n\t\t\t<div class=\"liner-continer\">\n\t\t\t\t<h4 class=\"woodmart-title-container title  wd-font-weight- wd-fontsize-m\" >La laine m\u00e9rinos : une fibre technique qui se porte Et\u00e9 comme Hiver<\/h4>\n\t\t\t\t\t\t\t<\/div>\n\t\t\t\n\t\t\t\n\t\t\t\n\t\t<\/div>\n\t\t\n\t\t[\/vc_column][\/vc_row][vc_row content_placement=&#8221;top&#8221;][vc_column offset=&#8221;vc_col-md-6&#8243;][vc_column_text text_larger=&#8221;no&#8221;]La laine m\u00e9rinos est une alternative 100% naturelle qui ne n\u00e9cessite aucun traitement chimique. C&#8217;est une laine qui n&#8217;a que le nom pour se comparer \u00e0 une laine traditionnelle, la fibre de la laine m\u00e9rinos est thermor\u00e9gulante, douce et respirante.<\/p>\n<blockquote><p>C&#8217;est un climatiseur naturel<\/p><\/blockquote>\n<p>V\u00e9ritable r\u00e9gulateur entre le corps et l&#8217;ext\u00e9rieur, la laine m\u00e9rinos technique maintient une temp\u00e9rature corporelle stable car elle isole l&#8217;organisme des temp\u00e9ratures extr\u00eames. Nos v\u00eatements en laine m\u00e9rinos se portent aussi bien l&#8217;\u00e9t\u00e9 que l&#8217;hiver.<\/p>\n<p>Gr\u00e2ce aux alv\u00e9oles d&#8217;air qu&#8217;elle emprisonne elle a un grand pouvoir isolant tout en finesse. Fibre naturelle, elle respire et m\u00eame par des temp\u00e9ratures \u00e9lev\u00e9es ou lors d&#8217;efforts importants, le corps transpire peu avec le m\u00e9rinos. Le m\u00e9rinos capte l&#8217;humidit\u00e9 et la transf\u00e8re vers l&#8217;ext\u00e9rieur tout en maintenant le corps \u00e0 sa bonne temp\u00e9rature m\u00eame mouill\u00e9.<\/p>\n<blockquote><p>Chez Coolman, nous sommes fiers de vous proposer des v\u00eatements enti\u00e8rement fabriqu\u00e9s en France, avec la meilleure qualit\u00e9 de laine m\u00e9rinos.<\/p><\/blockquote>\n<p>L&#8217;ensemble de la production de nos v\u00eatements est r\u00e9alis\u00e9e dans plusieurs ateliers en France, du tricotage \u00e0 la confection.[\/vc_column_text][\/vc_column][vc_column offset=&#8221;vc_col-md-6&#8243;][vc_single_image image=&#8221;3107&#8243; img_size=&#8221;1200&#215;600&#8243; parallax_scroll=&#8221;no&#8221;][\/vc_column][\/vc_row]<\/p>\n<\/div>","protected":false},"excerpt":{"rendered":"<p>Le Collant \/ Legging Long Laine m\u00e9rinos est un mod\u00e8le Unisexe enti\u00e8rement fabriqu\u00e9 en 100% pure laine m\u00e9rinos souple et extensible comme un collant.<\/p>\n<p>Ultra confortable avec son \u00e9lastique souple \u00e0 taille, enti\u00e8rement recouvert de la laine m\u00e9rinos il convient aux femmes comme aux hommes.<\/p>\n<p>Le tricotage c\u00f4tel\u00e9e souple et se porte pr\u00e8s du corps.<\/p>\n<p>Nous\u00a0utilisons la laine SUPERFINE qui est la plus douce existante sur le march\u00e9.<\/p>\n<ul data-wp-editing=\"1\">\n<li>Laine <strong>ultra douce, fine et l\u00e9g\u00e8re<\/strong> qui ne gratte pas et ne bouloche pas<\/li>\n<li>Fibre <strong>thermor\u00e9gulante et respirante\u00a0<\/strong>\u00e0 porter Et\u00e9 comme Hiver<\/li>\n<li><strong> Limite les odeurs<\/strong> : sans traitement chimique, la laine m\u00e9rinos est naturellement saine et antibact\u00e9rienne<\/li>\n<li><strong> Antistatique<\/strong><\/li>\n<li>Lavable en machine \u00e0 30\u00b0 programme Laine ou \u00e0 Froid, essorage doux 400-500 tours maximum.<\/li>\n<\/ul>\n<p><strong>Composition : 100% LAINE MERINOS.\u00a0<\/strong><\/p>\n<p>Le grammage : 200g\/m2.<\/p>\n<p>Enti\u00e8rement fabriqu\u00e9 en France.<\/p>\n<p>Le mannequin femme mesure 172cm et porte la taille XS legging bleu indigo.<\/p>\n<p>Le mannequin femme mesure 172cm et porte la taille S legging noir.<\/p>\n<p>Le mannequin homme mesure 180cm et porte la taille M.<\/p>\n","protected":false},"featured_media":5759,"comment_status":"open","ping_status":"closed","template":"","meta":[],"product_brand":[],"product_cat":[79,80,138,223,222,217],"product_tag":[],"class_list":{"0":"post-3337","1":"product","2":"type-product","3":"status-publish","4":"has-post-thumbnail","6":"product_cat-femme","7":"product_cat-homme","8":"product_cat-pantalons-shorts-leggings-femme","9":"product_cat-pantalons-leggings","10":"product_cat-sous-couche-homme","11":"product_cat-sous-couche-femme","13":"first","14":"instock","15":"taxable","16":"shipping-taxable","17":"purchasable","18":"product-type-variable","19":"has-default-attributes"},"yoast_head":"<!-- This site is optimized with the Yoast SEO plugin v27.6 - https:\/\/yoast.com\/product\/yoast-seo-wordpress\/ -->\n<title>Collant Legging laine m\u00e9rinos | COOLMAN\u00ae | Fabriqu\u00e9 en France<\/title>\n<meta name=\"description\" content=\"Collant Legging laine m\u00e9rinos fabriqu\u00e9 en france. Ultra confortable avec son \u00e9lastique souple - Mod\u00e8le unisexe - Long jusqu&#039;aux chevilles\" \/>\n<meta name=\"robots\" content=\"index, follow, max-snippet:-1, max-image-preview:large, max-video-preview:-1\" \/>\n<link rel=\"canonical\" href=\"https:\/\/www.coolman.fr\/en\/boutique\/collant-technique-legging-unisexe-laine-merinos-cotelee\/\" \/>\n<meta property=\"og:locale\" content=\"en_US\" \/>\n<meta property=\"og:type\" content=\"article\" \/>\n<meta property=\"og:title\" content=\"Collant Legging laine m\u00e9rinos | COOLMAN\u00ae | Fabriqu\u00e9 en France\" \/>\n<meta property=\"og:description\" content=\"Collant Legging laine m\u00e9rinos fabriqu\u00e9 en france. Ultra confortable avec son \u00e9lastique souple - Mod\u00e8le unisexe - Long jusqu&#039;aux chevilles\" \/>\n<meta property=\"og:url\" content=\"https:\/\/www.coolman.fr\/en\/boutique\/collant-technique-legging-unisexe-laine-merinos-cotelee\/\" \/>\n<meta property=\"og:site_name\" content=\"COOLMAN\" \/>\n<meta property=\"article:publisher\" content=\"https:\/\/www.facebook.com\/coolmanmerinos\" \/>\n<meta property=\"article:modified_time\" content=\"2026-05-10T20:00:31+00:00\" \/>\n<meta property=\"og:image\" content=\"https:\/\/www.coolman.fr\/wp-content\/uploads\/2021\/05\/coolman-merinos-legging-unisexe-bleu-indigo-femme-1.jpg\" \/>\n\t<meta property=\"og:image:width\" content=\"800\" \/>\n\t<meta property=\"og:image:height\" content=\"800\" \/>\n\t<meta property=\"og:image:type\" content=\"image\/jpeg\" \/>\n<meta name=\"twitter:card\" content=\"summary_large_image\" \/>\n<meta name=\"twitter:label1\" content=\"Est. reading time\" \/>\n\t<meta name=\"twitter:data1\" content=\"2 minutes\" \/>\n<script type=\"application\/ld+json\" class=\"yoast-schema-graph\">{\"@context\":\"https:\\\/\\\/schema.org\",\"@graph\":[{\"@type\":\"WebPage\",\"@id\":\"https:\\\/\\\/www.coolman.fr\\\/en\\\/boutique\\\/collant-technique-legging-unisexe-laine-merinos-cotelee\\\/\",\"url\":\"https:\\\/\\\/www.coolman.fr\\\/en\\\/boutique\\\/collant-technique-legging-unisexe-laine-merinos-cotelee\\\/\",\"name\":\"Collant Legging laine m\u00e9rinos | COOLMAN\u00ae | Fabriqu\u00e9 en France\",\"isPartOf\":{\"@id\":\"https:\\\/\\\/www.coolman.fr\\\/en\\\/#website\"},\"primaryImageOfPage\":{\"@id\":\"https:\\\/\\\/www.coolman.fr\\\/en\\\/boutique\\\/collant-technique-legging-unisexe-laine-merinos-cotelee\\\/#primaryimage\"},\"image\":{\"@id\":\"https:\\\/\\\/www.coolman.fr\\\/en\\\/boutique\\\/collant-technique-legging-unisexe-laine-merinos-cotelee\\\/#primaryimage\"},\"thumbnailUrl\":\"https:\\\/\\\/www.coolman.fr\\\/wp-content\\\/uploads\\\/2021\\\/05\\\/coolman-merinos-legging-unisexe-bleu-indigo-femme-1.jpg\",\"datePublished\":\"2020-10-23T09:53:54+00:00\",\"dateModified\":\"2026-05-10T20:00:31+00:00\",\"description\":\"Collant Legging laine m\u00e9rinos fabriqu\u00e9 en france. Ultra confortable avec son \u00e9lastique souple - Mod\u00e8le unisexe - Long jusqu'aux chevilles\",\"breadcrumb\":{\"@id\":\"https:\\\/\\\/www.coolman.fr\\\/en\\\/boutique\\\/collant-technique-legging-unisexe-laine-merinos-cotelee\\\/#breadcrumb\"},\"inLanguage\":\"en-US\",\"potentialAction\":[{\"@type\":\"ReadAction\",\"target\":[\"https:\\\/\\\/www.coolman.fr\\\/en\\\/boutique\\\/collant-technique-legging-unisexe-laine-merinos-cotelee\\\/\"]}]},{\"@type\":\"ImageObject\",\"inLanguage\":\"en-US\",\"@id\":\"https:\\\/\\\/www.coolman.fr\\\/en\\\/boutique\\\/collant-technique-legging-unisexe-laine-merinos-cotelee\\\/#primaryimage\",\"url\":\"https:\\\/\\\/www.coolman.fr\\\/wp-content\\\/uploads\\\/2021\\\/05\\\/coolman-merinos-legging-unisexe-bleu-indigo-femme-1.jpg\",\"contentUrl\":\"https:\\\/\\\/www.coolman.fr\\\/wp-content\\\/uploads\\\/2021\\\/05\\\/coolman-merinos-legging-unisexe-bleu-indigo-femme-1.jpg\",\"width\":800,\"height\":800},{\"@type\":\"BreadcrumbList\",\"@id\":\"https:\\\/\\\/www.coolman.fr\\\/en\\\/boutique\\\/collant-technique-legging-unisexe-laine-merinos-cotelee\\\/#breadcrumb\",\"itemListElement\":[{\"@type\":\"ListItem\",\"position\":1,\"name\":\"Accueil\",\"item\":\"https:\\\/\\\/www.coolman.fr\\\/en\\\/\"},{\"@type\":\"ListItem\",\"position\":2,\"name\":\"Shop\",\"item\":\"https:\\\/\\\/www.coolman.fr\\\/en\\\/shop\\\/\"},{\"@type\":\"ListItem\",\"position\":3,\"name\":\"Collant technique legging unisexe laine m\u00e9rinos c\u00f4tel\u00e9e\"}]},{\"@type\":\"WebSite\",\"@id\":\"https:\\\/\\\/www.coolman.fr\\\/en\\\/#website\",\"url\":\"https:\\\/\\\/www.coolman.fr\\\/en\\\/\",\"name\":\"COOLMAN\",\"description\":\"V\u00caTEMENTS PURE LAINE MERINOS\",\"publisher\":{\"@id\":\"https:\\\/\\\/www.coolman.fr\\\/en\\\/#organization\"},\"potentialAction\":[{\"@type\":\"SearchAction\",\"target\":{\"@type\":\"EntryPoint\",\"urlTemplate\":\"https:\\\/\\\/www.coolman.fr\\\/en\\\/?s={search_term_string}\"},\"query-input\":{\"@type\":\"PropertyValueSpecification\",\"valueRequired\":true,\"valueName\":\"search_term_string\"}}],\"inLanguage\":\"en-US\"},{\"@type\":\"Organization\",\"@id\":\"https:\\\/\\\/www.coolman.fr\\\/en\\\/#organization\",\"name\":\"COOLMAN\",\"url\":\"https:\\\/\\\/www.coolman.fr\\\/en\\\/\",\"logo\":{\"@type\":\"ImageObject\",\"inLanguage\":\"en-US\",\"@id\":\"https:\\\/\\\/www.coolman.fr\\\/en\\\/#\\\/schema\\\/logo\\\/image\\\/\",\"url\":\"https:\\\/\\\/www.coolman.fr\\\/wp-content\\\/uploads\\\/2020\\\/09\\\/favicon-coolman.png\",\"contentUrl\":\"https:\\\/\\\/www.coolman.fr\\\/wp-content\\\/uploads\\\/2020\\\/09\\\/favicon-coolman.png\",\"width\":500,\"height\":500,\"caption\":\"COOLMAN\"},\"image\":{\"@id\":\"https:\\\/\\\/www.coolman.fr\\\/en\\\/#\\\/schema\\\/logo\\\/image\\\/\"},\"sameAs\":[\"https:\\\/\\\/www.facebook.com\\\/coolmanmerinos\",\"https:\\\/\\\/instagram.com\\\/coolmanmerinos\"]}]}<\/script>\n<!-- \/ Yoast SEO plugin. -->","yoast_head_json":{"title":"Collant Legging laine m\u00e9rinos | COOLMAN\u00ae | Fabriqu\u00e9 en France","description":"Collant Legging laine m\u00e9rinos fabriqu\u00e9 en france. Ultra confortable avec son \u00e9lastique souple - Mod\u00e8le unisexe - Long jusqu'aux chevilles","robots":{"index":"index","follow":"follow","max-snippet":"max-snippet:-1","max-image-preview":"max-image-preview:large","max-video-preview":"max-video-preview:-1"},"canonical":"https:\/\/www.coolman.fr\/en\/boutique\/collant-technique-legging-unisexe-laine-merinos-cotelee\/","og_locale":"en_US","og_type":"article","og_title":"Collant Legging laine m\u00e9rinos | COOLMAN\u00ae | Fabriqu\u00e9 en France","og_description":"Collant Legging laine m\u00e9rinos fabriqu\u00e9 en france. Ultra confortable avec son \u00e9lastique souple - Mod\u00e8le unisexe - Long jusqu'aux chevilles","og_url":"https:\/\/www.coolman.fr\/en\/boutique\/collant-technique-legging-unisexe-laine-merinos-cotelee\/","og_site_name":"COOLMAN","article_publisher":"https:\/\/www.facebook.com\/coolmanmerinos","article_modified_time":"2026-05-10T20:00:31+00:00","og_image":[{"width":800,"height":800,"url":"https:\/\/www.coolman.fr\/wp-content\/uploads\/2021\/05\/coolman-merinos-legging-unisexe-bleu-indigo-femme-1.jpg","type":"image\/jpeg"}],"twitter_card":"summary_large_image","twitter_misc":{"Est. reading time":"2 minutes"},"schema":{"@context":"https:\/\/schema.org","@graph":[{"@type":"WebPage","@id":"https:\/\/www.coolman.fr\/en\/boutique\/collant-technique-legging-unisexe-laine-merinos-cotelee\/","url":"https:\/\/www.coolman.fr\/en\/boutique\/collant-technique-legging-unisexe-laine-merinos-cotelee\/","name":"Collant Legging laine m\u00e9rinos | COOLMAN\u00ae | Fabriqu\u00e9 en France","isPartOf":{"@id":"https:\/\/www.coolman.fr\/en\/#website"},"primaryImageOfPage":{"@id":"https:\/\/www.coolman.fr\/en\/boutique\/collant-technique-legging-unisexe-laine-merinos-cotelee\/#primaryimage"},"image":{"@id":"https:\/\/www.coolman.fr\/en\/boutique\/collant-technique-legging-unisexe-laine-merinos-cotelee\/#primaryimage"},"thumbnailUrl":"https:\/\/www.coolman.fr\/wp-content\/uploads\/2021\/05\/coolman-merinos-legging-unisexe-bleu-indigo-femme-1.jpg","datePublished":"2020-10-23T09:53:54+00:00","dateModified":"2026-05-10T20:00:31+00:00","description":"Collant Legging laine m\u00e9rinos fabriqu\u00e9 en france. Ultra confortable avec son \u00e9lastique souple - Mod\u00e8le unisexe - Long jusqu'aux chevilles","breadcrumb":{"@id":"https:\/\/www.coolman.fr\/en\/boutique\/collant-technique-legging-unisexe-laine-merinos-cotelee\/#breadcrumb"},"inLanguage":"en-US","potentialAction":[{"@type":"ReadAction","target":["https:\/\/www.coolman.fr\/en\/boutique\/collant-technique-legging-unisexe-laine-merinos-cotelee\/"]}]},{"@type":"ImageObject","inLanguage":"en-US","@id":"https:\/\/www.coolman.fr\/en\/boutique\/collant-technique-legging-unisexe-laine-merinos-cotelee\/#primaryimage","url":"https:\/\/www.coolman.fr\/wp-content\/uploads\/2021\/05\/coolman-merinos-legging-unisexe-bleu-indigo-femme-1.jpg","contentUrl":"https:\/\/www.coolman.fr\/wp-content\/uploads\/2021\/05\/coolman-merinos-legging-unisexe-bleu-indigo-femme-1.jpg","width":800,"height":800},{"@type":"BreadcrumbList","@id":"https:\/\/www.coolman.fr\/en\/boutique\/collant-technique-legging-unisexe-laine-merinos-cotelee\/#breadcrumb","itemListElement":[{"@type":"ListItem","position":1,"name":"Accueil","item":"https:\/\/www.coolman.fr\/en\/"},{"@type":"ListItem","position":2,"name":"Shop","item":"https:\/\/www.coolman.fr\/en\/shop\/"},{"@type":"ListItem","position":3,"name":"Collant technique legging unisexe laine m\u00e9rinos c\u00f4tel\u00e9e"}]},{"@type":"WebSite","@id":"https:\/\/www.coolman.fr\/en\/#website","url":"https:\/\/www.coolman.fr\/en\/","name":"COOLMAN","description":"V\u00caTEMENTS PURE LAINE MERINOS","publisher":{"@id":"https:\/\/www.coolman.fr\/en\/#organization"},"potentialAction":[{"@type":"SearchAction","target":{"@type":"EntryPoint","urlTemplate":"https:\/\/www.coolman.fr\/en\/?s={search_term_string}"},"query-input":{"@type":"PropertyValueSpecification","valueRequired":true,"valueName":"search_term_string"}}],"inLanguage":"en-US"},{"@type":"Organization","@id":"https:\/\/www.coolman.fr\/en\/#organization","name":"COOLMAN","url":"https:\/\/www.coolman.fr\/en\/","logo":{"@type":"ImageObject","inLanguage":"en-US","@id":"https:\/\/www.coolman.fr\/en\/#\/schema\/logo\/image\/","url":"https:\/\/www.coolman.fr\/wp-content\/uploads\/2020\/09\/favicon-coolman.png","contentUrl":"https:\/\/www.coolman.fr\/wp-content\/uploads\/2020\/09\/favicon-coolman.png","width":500,"height":500,"caption":"COOLMAN"},"image":{"@id":"https:\/\/www.coolman.fr\/en\/#\/schema\/logo\/image\/"},"sameAs":["https:\/\/www.facebook.com\/coolmanmerinos","https:\/\/instagram.com\/coolmanmerinos"]}]}},"_links":{"self":[{"href":"https:\/\/www.coolman.fr\/en\/wp-json\/wp\/v2\/product\/3337","targetHints":{"allow":["GET"]}}],"collection":[{"href":"https:\/\/www.coolman.fr\/en\/wp-json\/wp\/v2\/product"}],"about":[{"href":"https:\/\/www.coolman.fr\/en\/wp-json\/wp\/v2\/types\/product"}],"replies":[{"embeddable":true,"href":"https:\/\/www.coolman.fr\/en\/wp-json\/wp\/v2\/comments?post=3337"}],"wp:featuredmedia":[{"embeddable":true,"href":"https:\/\/www.coolman.fr\/en\/wp-json\/wp\/v2\/media\/5759"}],"wp:attachment":[{"href":"https:\/\/www.coolman.fr\/en\/wp-json\/wp\/v2\/media?parent=3337"}],"wp:term":[{"taxonomy":"product_brand","embeddable":true,"href":"https:\/\/www.coolman.fr\/en\/wp-json\/wp\/v2\/product_brand?post=3337"},{"taxonomy":"product_cat","embeddable":true,"href":"https:\/\/www.coolman.fr\/en\/wp-json\/wp\/v2\/product_cat?post=3337"},{"taxonomy":"product_tag","embeddable":true,"href":"https:\/\/www.coolman.fr\/en\/wp-json\/wp\/v2\/product_tag?post=3337"}],"curies":[{"name":"wp","href":"https:\/\/api.w.org\/{rel}","templated":true}]}}