{"id":10068,"date":"2024-11-19T07:44:27","date_gmt":"2024-11-19T06:44:27","guid":{"rendered":"https:\/\/www.coolman.fr\/?post_type=product&#038;p=10068"},"modified":"2026-03-29T23:00:26","modified_gmt":"2026-03-29T21:00:26","slug":"pantalon-ceinture-haute-ajustable-laine-merinos-femme","status":"publish","type":"product","link":"https:\/\/www.coolman.fr\/en\/boutique\/pantalon-ceinture-haute-ajustable-laine-merinos-femme\/","title":{"rendered":"Pantalon ceinture haute ajustable laine merinos femme"},"content":{"rendered":"<div class=\"wpb-content-wrapper\"><p>[vc_row][vc_column][vc_column_text css=&#8221;&#8221; woodmart_inline=&#8221;no&#8221; text_larger=&#8221;no&#8221;]Le pantalon \u00e0 la coupe droite et ceinture haute ajustable en 100% laine m\u00e9rinos, sp\u00e9cialement con\u00e7u en interlock,\u00a0 un tricotage lisse, souple, fluide.<\/p>\n<p>A porter toute l&#8217;ann\u00e9e \u00e9t\u00e9 comme hiver, avec tous les styles sport, habill\u00e9 ou tout simplement pour rester chez soi.<\/p>\n<p>Nous\u00a0utilisons la laine SUPERFINE qui est la plus douce existante sur le march\u00e9.<\/p>\n<ul>\n<li>Laine\u00a0<strong>ultra douce, fine et l\u00e9g\u00e8re<\/strong>\u00a0qui ne gratte pas et ne bouloche pas<\/li>\n<li>Fibre\u00a0<strong>thermor\u00e9gulante et respirante\u00a0<\/strong>\u00e0 porter \u00c9t\u00e9 comme Hiver<\/li>\n<li><strong>Limite les odeurs<\/strong>\u00a0: sans traitement chimique, la laine m\u00e9rinos est naturellement saine et antibact\u00e9rienne<\/li>\n<li><strong>Antistatique<\/strong><\/li>\n<li>lavable en machine \u00e0 30\u00b0 au programme Laine ou \u00e0 froid, essorage doux 400-500 tours maximum.<\/li>\n<\/ul>\n<p><strong>Composition : 100% LAINE MERINOS.<\/strong><\/p>\n<p>Le grammage : 200g\/m2.<\/p>\n<p>Enti\u00e8rement fabriqu\u00e9 en France.[\/vc_column_text][\/vc_column][\/vc_row]<\/p>\n<\/div>","protected":false},"excerpt":{"rendered":"<p>[vc_row][vc_column][vc_column_text css=&#8221;&#8221; woodmart_inline=&#8221;no&#8221; text_larger=&#8221;no&#8221;]Le pantalon \u00e0 la coupe droite et ceinture haute ajustable en 100% laine m\u00e9rinos, sp\u00e9cialement con\u00e7u en<\/p>\n","protected":false},"featured_media":10171,"comment_status":"open","ping_status":"closed","template":"","meta":[],"product_brand":[],"product_cat":[79,127,138],"product_tag":[],"class_list":{"0":"post-10068","1":"product","2":"type-product","3":"status-publish","4":"has-post-thumbnail","6":"product_cat-femme","7":"product_cat-nouveautes","8":"product_cat-pantalons-shorts-leggings-femme","10":"first","11":"instock","12":"taxable","13":"shipping-taxable","14":"purchasable","15":"product-type-variable","16":"has-default-attributes"},"yoast_head":"<!-- This site is optimized with the Yoast SEO plugin v27.6 - https:\/\/yoast.com\/product\/yoast-seo-wordpress\/ -->\n<title>Pantalon ceinture haute ajustable laine merinos femme - COOLMAN<\/title>\n<meta name=\"description\" content=\"Nouveau pantalon laine m\u00e9rinos femme tricot\u00e9 et confectionn\u00e9 en France en pure laine m\u00e9rinos Interlock souple\" \/>\n<meta name=\"robots\" content=\"index, follow, max-snippet:-1, max-image-preview:large, max-video-preview:-1\" \/>\n<link rel=\"canonical\" href=\"https:\/\/www.coolman.fr\/en\/boutique\/pantalon-ceinture-haute-ajustable-laine-merinos-femme\/\" \/>\n<meta property=\"og:locale\" content=\"en_US\" \/>\n<meta property=\"og:type\" content=\"article\" \/>\n<meta property=\"og:title\" content=\"Pantalon ceinture haute ajustable laine merinos femme - COOLMAN\" \/>\n<meta property=\"og:description\" content=\"Nouveau pantalon laine m\u00e9rinos femme tricot\u00e9 et confectionn\u00e9 en France en pure laine m\u00e9rinos Interlock souple\" \/>\n<meta property=\"og:url\" content=\"https:\/\/www.coolman.fr\/en\/boutique\/pantalon-ceinture-haute-ajustable-laine-merinos-femme\/\" \/>\n<meta property=\"og:site_name\" content=\"COOLMAN\" \/>\n<meta property=\"article:publisher\" content=\"https:\/\/www.facebook.com\/coolmanmerinos\" \/>\n<meta property=\"article:modified_time\" content=\"2026-03-29T21:00:26+00:00\" \/>\n<meta property=\"og:image\" content=\"https:\/\/www.coolman.fr\/wp-content\/uploads\/2024\/11\/coolman-merinos-pantalon-noir-femme.png\" \/>\n\t<meta property=\"og:image:width\" content=\"768\" \/>\n\t<meta property=\"og:image:height\" content=\"1024\" \/>\n\t<meta property=\"og:image:type\" content=\"image\/png\" \/>\n<meta name=\"twitter:card\" content=\"summary_large_image\" \/>\n<meta name=\"twitter:label1\" content=\"Est. reading time\" \/>\n\t<meta name=\"twitter:data1\" content=\"1 minute\" \/>\n<script type=\"application\/ld+json\" class=\"yoast-schema-graph\">{\"@context\":\"https:\\\/\\\/schema.org\",\"@graph\":[{\"@type\":\"WebPage\",\"@id\":\"https:\\\/\\\/www.coolman.fr\\\/en\\\/boutique\\\/pantalon-ceinture-haute-ajustable-laine-merinos-femme\\\/\",\"url\":\"https:\\\/\\\/www.coolman.fr\\\/en\\\/boutique\\\/pantalon-ceinture-haute-ajustable-laine-merinos-femme\\\/\",\"name\":\"Pantalon ceinture haute ajustable laine merinos femme - COOLMAN\",\"isPartOf\":{\"@id\":\"https:\\\/\\\/www.coolman.fr\\\/en\\\/#website\"},\"primaryImageOfPage\":{\"@id\":\"https:\\\/\\\/www.coolman.fr\\\/en\\\/boutique\\\/pantalon-ceinture-haute-ajustable-laine-merinos-femme\\\/#primaryimage\"},\"image\":{\"@id\":\"https:\\\/\\\/www.coolman.fr\\\/en\\\/boutique\\\/pantalon-ceinture-haute-ajustable-laine-merinos-femme\\\/#primaryimage\"},\"thumbnailUrl\":\"https:\\\/\\\/www.coolman.fr\\\/wp-content\\\/uploads\\\/2024\\\/11\\\/coolman-merinos-pantalon-noir-femme.png\",\"datePublished\":\"2024-11-19T06:44:27+00:00\",\"dateModified\":\"2026-03-29T21:00:26+00:00\",\"description\":\"Nouveau pantalon laine m\u00e9rinos femme tricot\u00e9 et confectionn\u00e9 en France en pure laine m\u00e9rinos Interlock souple\",\"breadcrumb\":{\"@id\":\"https:\\\/\\\/www.coolman.fr\\\/en\\\/boutique\\\/pantalon-ceinture-haute-ajustable-laine-merinos-femme\\\/#breadcrumb\"},\"inLanguage\":\"en-US\",\"potentialAction\":[{\"@type\":\"ReadAction\",\"target\":[\"https:\\\/\\\/www.coolman.fr\\\/en\\\/boutique\\\/pantalon-ceinture-haute-ajustable-laine-merinos-femme\\\/\"]}]},{\"@type\":\"ImageObject\",\"inLanguage\":\"en-US\",\"@id\":\"https:\\\/\\\/www.coolman.fr\\\/en\\\/boutique\\\/pantalon-ceinture-haute-ajustable-laine-merinos-femme\\\/#primaryimage\",\"url\":\"https:\\\/\\\/www.coolman.fr\\\/wp-content\\\/uploads\\\/2024\\\/11\\\/coolman-merinos-pantalon-noir-femme.png\",\"contentUrl\":\"https:\\\/\\\/www.coolman.fr\\\/wp-content\\\/uploads\\\/2024\\\/11\\\/coolman-merinos-pantalon-noir-femme.png\",\"width\":768,\"height\":1024},{\"@type\":\"BreadcrumbList\",\"@id\":\"https:\\\/\\\/www.coolman.fr\\\/en\\\/boutique\\\/pantalon-ceinture-haute-ajustable-laine-merinos-femme\\\/#breadcrumb\",\"itemListElement\":[{\"@type\":\"ListItem\",\"position\":1,\"name\":\"Accueil\",\"item\":\"https:\\\/\\\/www.coolman.fr\\\/en\\\/\"},{\"@type\":\"ListItem\",\"position\":2,\"name\":\"Shop\",\"item\":\"https:\\\/\\\/www.coolman.fr\\\/en\\\/shop\\\/\"},{\"@type\":\"ListItem\",\"position\":3,\"name\":\"Pantalon ceinture haute ajustable laine merinos femme\"}]},{\"@type\":\"WebSite\",\"@id\":\"https:\\\/\\\/www.coolman.fr\\\/en\\\/#website\",\"url\":\"https:\\\/\\\/www.coolman.fr\\\/en\\\/\",\"name\":\"COOLMAN\",\"description\":\"V\u00caTEMENTS PURE LAINE MERINOS\",\"publisher\":{\"@id\":\"https:\\\/\\\/www.coolman.fr\\\/en\\\/#organization\"},\"potentialAction\":[{\"@type\":\"SearchAction\",\"target\":{\"@type\":\"EntryPoint\",\"urlTemplate\":\"https:\\\/\\\/www.coolman.fr\\\/en\\\/?s={search_term_string}\"},\"query-input\":{\"@type\":\"PropertyValueSpecification\",\"valueRequired\":true,\"valueName\":\"search_term_string\"}}],\"inLanguage\":\"en-US\"},{\"@type\":\"Organization\",\"@id\":\"https:\\\/\\\/www.coolman.fr\\\/en\\\/#organization\",\"name\":\"COOLMAN\",\"url\":\"https:\\\/\\\/www.coolman.fr\\\/en\\\/\",\"logo\":{\"@type\":\"ImageObject\",\"inLanguage\":\"en-US\",\"@id\":\"https:\\\/\\\/www.coolman.fr\\\/en\\\/#\\\/schema\\\/logo\\\/image\\\/\",\"url\":\"https:\\\/\\\/www.coolman.fr\\\/wp-content\\\/uploads\\\/2020\\\/09\\\/favicon-coolman.png\",\"contentUrl\":\"https:\\\/\\\/www.coolman.fr\\\/wp-content\\\/uploads\\\/2020\\\/09\\\/favicon-coolman.png\",\"width\":500,\"height\":500,\"caption\":\"COOLMAN\"},\"image\":{\"@id\":\"https:\\\/\\\/www.coolman.fr\\\/en\\\/#\\\/schema\\\/logo\\\/image\\\/\"},\"sameAs\":[\"https:\\\/\\\/www.facebook.com\\\/coolmanmerinos\",\"https:\\\/\\\/instagram.com\\\/coolmanmerinos\"]}]}<\/script>\n<!-- \/ Yoast SEO plugin. -->","yoast_head_json":{"title":"Pantalon ceinture haute ajustable laine merinos femme - COOLMAN","description":"Nouveau pantalon laine m\u00e9rinos femme tricot\u00e9 et confectionn\u00e9 en France en pure laine m\u00e9rinos Interlock souple","robots":{"index":"index","follow":"follow","max-snippet":"max-snippet:-1","max-image-preview":"max-image-preview:large","max-video-preview":"max-video-preview:-1"},"canonical":"https:\/\/www.coolman.fr\/en\/boutique\/pantalon-ceinture-haute-ajustable-laine-merinos-femme\/","og_locale":"en_US","og_type":"article","og_title":"Pantalon ceinture haute ajustable laine merinos femme - COOLMAN","og_description":"Nouveau pantalon laine m\u00e9rinos femme tricot\u00e9 et confectionn\u00e9 en France en pure laine m\u00e9rinos Interlock souple","og_url":"https:\/\/www.coolman.fr\/en\/boutique\/pantalon-ceinture-haute-ajustable-laine-merinos-femme\/","og_site_name":"COOLMAN","article_publisher":"https:\/\/www.facebook.com\/coolmanmerinos","article_modified_time":"2026-03-29T21:00:26+00:00","og_image":[{"width":768,"height":1024,"url":"https:\/\/www.coolman.fr\/wp-content\/uploads\/2024\/11\/coolman-merinos-pantalon-noir-femme.png","type":"image\/png"}],"twitter_card":"summary_large_image","twitter_misc":{"Est. reading time":"1 minute"},"schema":{"@context":"https:\/\/schema.org","@graph":[{"@type":"WebPage","@id":"https:\/\/www.coolman.fr\/en\/boutique\/pantalon-ceinture-haute-ajustable-laine-merinos-femme\/","url":"https:\/\/www.coolman.fr\/en\/boutique\/pantalon-ceinture-haute-ajustable-laine-merinos-femme\/","name":"Pantalon ceinture haute ajustable laine merinos femme - COOLMAN","isPartOf":{"@id":"https:\/\/www.coolman.fr\/en\/#website"},"primaryImageOfPage":{"@id":"https:\/\/www.coolman.fr\/en\/boutique\/pantalon-ceinture-haute-ajustable-laine-merinos-femme\/#primaryimage"},"image":{"@id":"https:\/\/www.coolman.fr\/en\/boutique\/pantalon-ceinture-haute-ajustable-laine-merinos-femme\/#primaryimage"},"thumbnailUrl":"https:\/\/www.coolman.fr\/wp-content\/uploads\/2024\/11\/coolman-merinos-pantalon-noir-femme.png","datePublished":"2024-11-19T06:44:27+00:00","dateModified":"2026-03-29T21:00:26+00:00","description":"Nouveau pantalon laine m\u00e9rinos femme tricot\u00e9 et confectionn\u00e9 en France en pure laine m\u00e9rinos Interlock souple","breadcrumb":{"@id":"https:\/\/www.coolman.fr\/en\/boutique\/pantalon-ceinture-haute-ajustable-laine-merinos-femme\/#breadcrumb"},"inLanguage":"en-US","potentialAction":[{"@type":"ReadAction","target":["https:\/\/www.coolman.fr\/en\/boutique\/pantalon-ceinture-haute-ajustable-laine-merinos-femme\/"]}]},{"@type":"ImageObject","inLanguage":"en-US","@id":"https:\/\/www.coolman.fr\/en\/boutique\/pantalon-ceinture-haute-ajustable-laine-merinos-femme\/#primaryimage","url":"https:\/\/www.coolman.fr\/wp-content\/uploads\/2024\/11\/coolman-merinos-pantalon-noir-femme.png","contentUrl":"https:\/\/www.coolman.fr\/wp-content\/uploads\/2024\/11\/coolman-merinos-pantalon-noir-femme.png","width":768,"height":1024},{"@type":"BreadcrumbList","@id":"https:\/\/www.coolman.fr\/en\/boutique\/pantalon-ceinture-haute-ajustable-laine-merinos-femme\/#breadcrumb","itemListElement":[{"@type":"ListItem","position":1,"name":"Accueil","item":"https:\/\/www.coolman.fr\/en\/"},{"@type":"ListItem","position":2,"name":"Shop","item":"https:\/\/www.coolman.fr\/en\/shop\/"},{"@type":"ListItem","position":3,"name":"Pantalon ceinture haute ajustable laine merinos femme"}]},{"@type":"WebSite","@id":"https:\/\/www.coolman.fr\/en\/#website","url":"https:\/\/www.coolman.fr\/en\/","name":"COOLMAN","description":"V\u00caTEMENTS PURE LAINE MERINOS","publisher":{"@id":"https:\/\/www.coolman.fr\/en\/#organization"},"potentialAction":[{"@type":"SearchAction","target":{"@type":"EntryPoint","urlTemplate":"https:\/\/www.coolman.fr\/en\/?s={search_term_string}"},"query-input":{"@type":"PropertyValueSpecification","valueRequired":true,"valueName":"search_term_string"}}],"inLanguage":"en-US"},{"@type":"Organization","@id":"https:\/\/www.coolman.fr\/en\/#organization","name":"COOLMAN","url":"https:\/\/www.coolman.fr\/en\/","logo":{"@type":"ImageObject","inLanguage":"en-US","@id":"https:\/\/www.coolman.fr\/en\/#\/schema\/logo\/image\/","url":"https:\/\/www.coolman.fr\/wp-content\/uploads\/2020\/09\/favicon-coolman.png","contentUrl":"https:\/\/www.coolman.fr\/wp-content\/uploads\/2020\/09\/favicon-coolman.png","width":500,"height":500,"caption":"COOLMAN"},"image":{"@id":"https:\/\/www.coolman.fr\/en\/#\/schema\/logo\/image\/"},"sameAs":["https:\/\/www.facebook.com\/coolmanmerinos","https:\/\/instagram.com\/coolmanmerinos"]}]}},"_links":{"self":[{"href":"https:\/\/www.coolman.fr\/en\/wp-json\/wp\/v2\/product\/10068","targetHints":{"allow":["GET"]}}],"collection":[{"href":"https:\/\/www.coolman.fr\/en\/wp-json\/wp\/v2\/product"}],"about":[{"href":"https:\/\/www.coolman.fr\/en\/wp-json\/wp\/v2\/types\/product"}],"replies":[{"embeddable":true,"href":"https:\/\/www.coolman.fr\/en\/wp-json\/wp\/v2\/comments?post=10068"}],"wp:featuredmedia":[{"embeddable":true,"href":"https:\/\/www.coolman.fr\/en\/wp-json\/wp\/v2\/media\/10171"}],"wp:attachment":[{"href":"https:\/\/www.coolman.fr\/en\/wp-json\/wp\/v2\/media?parent=10068"}],"wp:term":[{"taxonomy":"product_brand","embeddable":true,"href":"https:\/\/www.coolman.fr\/en\/wp-json\/wp\/v2\/product_brand?post=10068"},{"taxonomy":"product_cat","embeddable":true,"href":"https:\/\/www.coolman.fr\/en\/wp-json\/wp\/v2\/product_cat?post=10068"},{"taxonomy":"product_tag","embeddable":true,"href":"https:\/\/www.coolman.fr\/en\/wp-json\/wp\/v2\/product_tag?post=10068"}],"curies":[{"name":"wp","href":"https:\/\/api.w.org\/{rel}","templated":true}]}}